{"id":319,"date":"2021-05-18T21:39:35","date_gmt":"2021-05-18T21:39:35","guid":{"rendered":"https:\/\/canakkaleulushaber.com\/?page_id=319"},"modified":"2021-05-18T21:39:35","modified_gmt":"2021-05-18T21:39:35","slug":"turan-cardaka-dogal-gaz-icin-ilk-kazma-vuruldu","status":"publish","type":"page","link":"https:\/\/canakkaleulushaber.com\/index.php\/turan-cardaka-dogal-gaz-icin-ilk-kazma-vuruldu\/","title":{"rendered":"TURAN \u201d\u00c7ARDAK\u2019A DO\u011eAL GAZ \u0130\u00c7\u0130N \u0130LK KAZMA VURULDU\u201d"},"content":{"rendered":"<p>TURAN: \u201c\u00c7ARDAK\u2019A DO\u011eAL GAZ \u0130\u00c7\u0130N \u0130LK KAZMA VURULDU\u201d<\/p>\n<p>AK Parti Grup Ba\u015fkanvekili ve \u00c7anakkale Milletvekili B\u00fclent Turan, \u00c7ardak\u2019ta temeli at\u0131lan do\u011fal gaz i\u00e7in a\u00e7\u0131klamalarda bulundu.<\/p>\n<p>\u00c7anakkale\u2019de verilen s\u00f6zlerin bir bir hayata ge\u00e7irildi\u011fini ifade eden Turan: \u201cDaha \u00f6nce s\u00f6yledi\u011fimiz gibi \u00c7anakkale\u2019mizin t\u00fcm il\u00e7e ve beldelerine do\u011fal gaz getirmekte kararl\u0131y\u0131z. Do\u011fal gaz konfor demektir, \u00e7evre dostu demektir. Bu konfor en \u00e7ok \u00c7anakkaleli hem\u015fehrilerimize yak\u0131\u015f\u0131r. Bug\u00fcn itibar\u0131yla tarihi ve k\u00fclt\u00fcrel miras\u0131yla bir turizm merkezi \u00c7ardak\u2019\u0131m\u0131zda do\u011fal gaz \u00e7al\u0131\u015fmalar\u0131 ba\u015flad\u0131. \u00c7ardak\u2019ta ilk kazmas\u0131 vurulan projede 30 km polietilen hat, 21,6 km servis hatt\u0131 yat\u0131r\u0131m\u0131 yap\u0131lacak. Toplam yat\u0131r\u0131m maliyeti 8,43 milyon TL olarak \u00f6ng\u00f6r\u00fclmektedir. 2021 y\u0131l\u0131 sonu itibar\u0131yla \u00c7ardak\u2019a do\u011fal gaz arz\u0131n\u0131n sa\u011flanmas\u0131 planlanmaktad\u0131r. Hem\u015fehrilerimize hay\u0131rl\u0131 u\u011furlu olsun. Eme\u011fi ge\u00e7en herkese te\u015fekk\u00fcr ediyoruz. Milletvekilimiz J\u00fclide \u0130skendero\u011flu ile birlikte \u00c7anakkale\u2019miz i\u00e7in \u00e7al\u0131\u015fmalar\u0131m\u0131za devam edece\u011fiz.\u201d \u015feklinde konu\u015ftu.<\/p>\n","protected":false},"excerpt":{"rendered":"<p>TURAN: \u201c\u00c7ARDAK\u2019A DO\u011eAL GAZ \u0130\u00c7\u0130N \u0130LK KAZMA VURULDU\u201d AK Parti Grup Ba\u015fkanvekili ve \u00c7anakkale Milletvekili B\u00fclent Turan,&#8230;<\/p>\n","protected":false},"author":1,"featured_media":0,"parent":0,"menu_order":0,"comment_status":"closed","ping_status":"closed","template":"","meta":{"_monsterinsights_skip_tracking":false,"_monsterinsights_sitenote_active":false,"_monsterinsights_sitenote_note":"","_monsterinsights_sitenote_category":0,"footnotes":""},"class_list":["post-319","page","type-page","status-publish","hentry"],"_links":{"self":[{"href":"https:\/\/canakkaleulushaber.com\/index.php\/wp-json\/wp\/v2\/pages\/319","targetHints":{"allow":["GET"]}}],"collection":[{"href":"https:\/\/canakkaleulushaber.com\/index.php\/wp-json\/wp\/v2\/pages"}],"about":[{"href":"https:\/\/canakkaleulushaber.com\/index.php\/wp-json\/wp\/v2\/types\/page"}],"author":[{"embeddable":true,"href":"https:\/\/canakkaleulushaber.com\/index.php\/wp-json\/wp\/v2\/users\/1"}],"replies":[{"embeddable":true,"href":"https:\/\/canakkaleulushaber.com\/index.php\/wp-json\/wp\/v2\/comments?post=319"}],"version-history":[{"count":2,"href":"https:\/\/canakkaleulushaber.com\/index.php\/wp-json\/wp\/v2\/pages\/319\/revisions"}],"predecessor-version":[{"id":322,"href":"https:\/\/canakkaleulushaber.com\/index.php\/wp-json\/wp\/v2\/pages\/319\/revisions\/322"}],"wp:attachment":[{"href":"https:\/\/canakkaleulushaber.com\/index.php\/wp-json\/wp\/v2\/media?parent=319"}],"curies":[{"name":"wp","href":"https:\/\/api.w.org\/{rel}","templated":true}]}}