{"id":301,"date":"2021-05-18T20:40:54","date_gmt":"2021-05-18T20:40:54","guid":{"rendered":"https:\/\/canakkaleulushaber.com\/index.php\/iletisim\/"},"modified":"2021-05-26T20:38:41","modified_gmt":"2021-05-26T20:38:41","slug":"iletisim","status":"publish","type":"page","link":"https:\/\/canakkaleulushaber.com\/index.php\/iletisim\/","title":{"rendered":"\u0130leti\u015fim"},"content":{"rendered":"<p>\u0130mtiyaz Sahibi : <strong>Fatih ATALAY<\/strong><\/p>\n<p>Sorumlu M\u00fcd\u00fcr : <strong>Fatih ATALAY<\/strong><\/p>\n<p>Telefon : <strong>0543 620 39 06<\/strong><\/p>\n<p>E-Posta : <strong>fatihatalay1406@hotmail.com<\/strong><\/p>\n<p>Adres : <strong>Barbaros Mahallesi Nasibim Mehmet Efendi Sokak<\/strong><\/p>\n<p><strong>No:6\/A Merkez\/\u00c7ANAKKALE<\/strong><\/p>\n","protected":false},"excerpt":{"rendered":"<p>\u0130mtiyaz Sahibi : Fatih ATALAY Sorumlu M\u00fcd\u00fcr : Fatih ATALAY Telefon : 0543 620 39 06 E-Posta&#8230;<\/p>\n","protected":false},"author":1,"featured_media":0,"parent":0,"menu_order":0,"comment_status":"closed","ping_status":"closed","template":"page.php","meta":{"_monsterinsights_skip_tracking":false,"_monsterinsights_sitenote_active":false,"_monsterinsights_sitenote_note":"","_monsterinsights_sitenote_category":0,"footnotes":""},"class_list":["post-301","page","type-page","status-publish","hentry"],"_links":{"self":[{"href":"https:\/\/canakkaleulushaber.com\/index.php\/wp-json\/wp\/v2\/pages\/301","targetHints":{"allow":["GET"]}}],"collection":[{"href":"https:\/\/canakkaleulushaber.com\/index.php\/wp-json\/wp\/v2\/pages"}],"about":[{"href":"https:\/\/canakkaleulushaber.com\/index.php\/wp-json\/wp\/v2\/types\/page"}],"author":[{"embeddable":true,"href":"https:\/\/canakkaleulushaber.com\/index.php\/wp-json\/wp\/v2\/users\/1"}],"replies":[{"embeddable":true,"href":"https:\/\/canakkaleulushaber.com\/index.php\/wp-json\/wp\/v2\/comments?post=301"}],"version-history":[{"count":3,"href":"https:\/\/canakkaleulushaber.com\/index.php\/wp-json\/wp\/v2\/pages\/301\/revisions"}],"predecessor-version":[{"id":406,"href":"https:\/\/canakkaleulushaber.com\/index.php\/wp-json\/wp\/v2\/pages\/301\/revisions\/406"}],"wp:attachment":[{"href":"https:\/\/canakkaleulushaber.com\/index.php\/wp-json\/wp\/v2\/media?parent=301"}],"curies":[{"name":"wp","href":"https:\/\/api.w.org\/{rel}","templated":true}]}}